{"id":292,"date":"2010-10-20T16:31:47","date_gmt":"2010-10-20T16:31:47","guid":{"rendered":"http:\/\/bildlicht-fotografie.de\/?page_id=292"},"modified":"2019-05-09T11:00:26","modified_gmt":"2019-05-09T11:00:26","slug":"impressum","status":"publish","type":"page","link":"https:\/\/bildlicht-fotografie.de\/?page_id=292","title":{"rendered":"Impressum"},"content":{"rendered":"<header class=\"entry-header\">\n<h1 class=\"entry-title\">Impressum<\/h1>\n<\/header>\n<div class=\"entry-content\">\n<p>Bildlicht Fotografie &#8211; Heike Herden<br \/>\nInhaber: Heike Herden, Reiherweg 39<br \/>\n50829 K\u00f6ln<\/p>\n<p>Telefonnummer: 01624878493<br \/>\nE-Mailadresse:\u00a0info@heikeherden.de<\/p>\n<p>Umsatzsteuer-Identifikationsnummer: 223 5119 1917<\/p>\n<p>Inhaltlich verantwortlich: Heike Herden, Reiherweg 39<br \/>\n50829 K\u00f6ln<\/p>\n<p>Plattform der Europ\u00e4ischen Kommission zur Online-Streitbeilegung (OS) f\u00fcr Verbraucher: https:\/\/ec.europa.eu\/consumers\/odr\/. Wir sind nicht bereit und nicht verpflichtet an einem Streitbeilegungsverfahren vor einer Verbraucherschlichtungsstelle teilzunehmen.<\/p>\n<\/div>\n<p>AGBs<\/p>\n<p>Allgemeine Gesch\u00e4ftsbedingungen als Auftragnehmer<\/p>\n<ol>\n<li>Allgemeines, G\u00fcltigkeit der Gesch\u00e4ftsbedingungen<\/li>\n<\/ol>\n<p>Fotografische Arbeiten, Bildproduktionen, Digitalbearbeitung, Erteilung von Bildlizenzen und Erstellung von Texten und Rezepten, erfolgen ausschlie\u00dflich aufgrund nachstehender Gesch\u00e4ftsbedingungen. Diese Bedingungen gelten ebenfalls f\u00fcr k\u00fcnftige Produktions- und Lizenzvertr\u00e4ge, sofern nicht ausdr\u00fccklich abweichende Regelungen vereinbart werden.\u00a0Sollten abweichende Regelungen nur f\u00fcr Teile getroffen werden, gelten die \u00fcbrigen Bestimmungen weiterhin. \u00a0Abweichende Regelungen und \u00c4nderungen bed\u00fcrfen der Schriftform. Gesch\u00e4ftsbedingungen des Auftraggebers, die von den nachstehenden Gesch\u00e4ftsbedingungen der Fotografin Heike Herden abweichen haben keine G\u00fcltigkeit und werden nicht anerkannt. F\u00fcr den Fall solcher abweichenden Gesch\u00e4ftsbedingungen werden diese auch dann nicht zum Vertragsinhalt, wenn die Fotografin ihnen nicht ausdr\u00fccklich widerspricht.<\/p>\n<ol start=\"2\">\n<li>Nutzungsrechte<\/li>\n<\/ol>\n<p>Wenn einzelvertraglich keine abweichende Regelungen \u00a0getroffen werden erwirbt der Auftraggeber an den Werken die einfachen Nutzungsrechte zur werblichen Verwendung in den Sozialen-Medien f\u00fcr die Dauer von einem Jahr. Mit der \u00dcberlassung der Bilder werden jedoch keine Eigentumsrechte \u00fcbertragen. Bei einer evtl. Bildver\u00f6ffentlichung ist die Fotografin als Urheber zu benennen, die Benennung muss beim Bild erfolgen und \u201e\u00a9Heike Herden\u201c lauten. Die \u00dcbertragung und Einr\u00e4umung der vom Auftraggeber erworbenen Nutzungsrechte an Dritte, auch an andere Redaktionen und Verlage, bedarf der schriftlichen Zustimmung der Fotografin. Ungeachtet des Umfangs der im Einzelfall einger\u00e4umten Nutzungsrechte bleibt der Fotograf berechtigt, die Bilder im Rahmen seiner Eigenwerbung zu verwenden. Alle Entw\u00fcrfe und Endprodukte der Fotografin Heike Herden gelten als pers\u00f6nliche geistige Sch\u00f6pfung und unterliegen dem Urheberrechtsgesetz. Die Nutzungsrechte erwirbt der Auftraggeber erst mit der vollst\u00e4ndigen Bezahlung.<\/p>\n<ol start=\"3\">\n<li>Auftr\u00e4ge<\/li>\n<\/ol>\n<p>Der Auftraggeber darf der Fotografin f\u00fcr die Aufnahmen nur solche Objekte und Vorlagen \u00fcberlassen, zu deren Verwendung er berechtigt ist und die in jeder Form frei von Rechten Dritter sind. Von Ersatzanspr\u00fcchen, die aus einer solchen Verletzung des Urheberrechts resultieren, stell der Auftraggeber die Fotografin frei. Die Fotografin Heike Herden w\u00e4hlt die Fotos aus, die sie dem Auftraggeber bei Abschluss der Produktion zur Abnahme vorlegt. M\u00e4ngelr\u00fcgen m\u00fcssen schriftlich erfolgen und sp\u00e4testens 10 Tage nach Ablieferung der Bilder beim Fotografen eingegangen sein. Nach Ablauf dieser Frist gelten die Bilder als ordnungs- und vertragsgem\u00e4\u00df abgenommen.<\/p>\n<ol start=\"4\">\n<li>Honorar und Nebenkosten<\/li>\n<\/ol>\n<p>Das vereinbarte Produktionshonorar ist bei Ablieferung der Bilder f\u00e4llig. Wird eine Produktion in Teilen abgeliefert, ist die Fotografin berechtigt ein Teilhonorar jeweils bei Ablieferung eines Teiles zu berechnen. Erstreckt sich der Auftrag \u00fcber einen l\u00e4ngeren Zeitraum, kann der Fotograf Abschlagszahlungen entsprechend dem erbrachten Arbeitsaufwand verlangen. Der Fotograf ist berechtigt 20% der Gesamtverg\u00fctung bei Auftragserteilung als Vorkasse in Rechnung zu stellen. Evtl. anfallende Fremdleistungen, die zur Auftragserf\u00fcllung erforderlich sind, werden im Namen und f\u00fcr die Rechnung des Auftraggebers bestellt. Ist ein Zeithonorar vereinbart, so erh\u00e4lt der Fotograf bei einer Verl\u00e4ngerung der Aufnahmearbeiten den vereinbarten Stundensatz. Wird bei einem vereinbartem Pauschalhonorar die vereinbarte Zeit der Aufnahmearbeiten wesentlich (mehr als 15%) \u00fcberschritten, so ist auf der Grundlage des vereinbarten Pauschalhonorars der Mehraufwand entsprechend zu verg\u00fcten.<\/p>\n<ol start=\"5\">\n<li>F\u00e4lligkeit<\/li>\n<\/ol>\n<p>Das Honorar ist ohne Abzug innerhalb von 14 Tagen ab Rechnungsdatum f\u00e4llig. Bei einem Zahlungsverzug entfallen alle eventuell einger\u00e4umten Rabatte und die Fotografin ist berechtigt, Verzugszinsen in H\u00f6he von 2% p.a. \u00fcber dem jeweiligen Diskontsatz der Deutschen Zentralbank zzgl. Mehrwertsteuer einzufordern.<\/p>\n<ol start=\"6\">\n<li>K\u00fcndigung und R\u00fccktritt<\/li>\n<\/ol>\n<p>Der Auftraggeber ist berechtigt, das Vertragsverh\u00e4ltnis mit dem Fotografen jederzeit zu k\u00fcndigen. F\u00fcr den Fall der K\u00fcndigung hat der Auftraggeber alle bis zu diesem Zeitpunkt entstanden direkten Kosten zu ersetzen. Der Auftraggeber tr\u00e4gt alle, durch die vorzeitige Aufhebung evtl. bereits erbrachten Vorleistungen und Rechnungen Dritter (Erwerb von Lebensmitteln und Zutaten, Location-Miete, Ausr\u00fcstungsmiete, Ausfallhonorare von Fotomodellen, Spesen, Anschaffungskosten von Dekorationen und Props etc.), die im einem direktem Zusammenhang mit der Auftragserteilung stehen und bis zu diesem Zeitpunkt angefallen sind. Bei wetterbedingten Ausf\u00e4llen, so genannter Wetterbuchungen, ist vom Auftraggeber 1\/2 des vereinbarten Honorars zu \u00fcbernehmen. Bei Vertragsr\u00fccktritt und K\u00fcndigung tr\u00e4gt der Auftraggeber die Kosten f\u00fcr den Verdienstausfalle und hat noch folgender Staffelung zu zahlen:<\/p>\n<p>-R\u00fccktritt bis 2 Monate vor Leistungsbeginn: 20% -R\u00fccktritt bis 1 Monat vor Leistungsbeginn: 35% -R\u00fccktritt bis 3 Wochen vor Leistungsbeginn: 50% -R\u00fccktritt bis 14 Tage vor Leistungsbeginn: 70% -R\u00fccktritt nach dem 7 Tage vor Leistungsbeginn und bei Nichtantritt 90%.<\/p>\n<p>Der Grund zur au\u00dferordentlichen K\u00fcndigung f\u00fcr beide Vertragsparteien bleibt hiervon unber\u00fchrt. Dieses Recht steht der Fotografin insbesondere dann zu, wenn das vereinbarte Honorar zum F\u00e4lligkeitszeitpunkt vom Kunden nicht gezahlt wird und trotz Aufforderung Leistungen im Rahmen der vertraglichen Abrede nicht beglichen wurden.<\/p>\n<p>Wird die Auftragserf\u00fcllung in Folge nicht voraussehbarer h\u00f6herer Gewalt erheblich erschwert, gef\u00e4hrdet oder beeintr\u00e4chtigt, so k\u00f6nnen die Vertragsparteien den Vertrag k\u00fcndigen. Die Fotografin Heike Herden ist in diesem Fall berechtigt, f\u00fcr die bereits erbrachten oder f\u00fcr die zur Beendigung des Auftrages noch zu erbringenden Leistungen eine \u00dcbernahme dieser Kosten durch den Auftraggeber zu verlangen.<\/p>\n<ol start=\"7\">\n<li>Schutzrecht und Rechte Dritter<\/li>\n<\/ol>\n<p>Sofern die Fotografin nicht schriftlich best\u00e4tigt, dass abgebildete Personen oder die Inhaber der Rechte an abgebildeten Werken der bildenden oder angewandten Kunst, die Einwilligung zu einer Bildver\u00f6ffentlichung erteilt haben, obliegt die Einholung der im Einzelfall notwendigen Einwilligung Dritter oder die Erwirkung von Ver\u00f6ffentlichungsgenehmigungen wie z.B. Ausstellungen, Museen, Vernissage, Sammlungen usw. dem Auftraggeber. Die Fotografin Heike Herden \u00fcbernimmt keine Haftung f\u00fcr die Art der Nutzung seiner Bilder. Der Auftraggeber ist daf\u00fcr verantwortlich, dass durch die Art der Nutzung keine Pers\u00f6nlichkeitsrechte, Urheberrechte oder die sonstigen Rechter Dritter verletzt werden. Die Digitalisierung der Bilder und die Weitergabe auf dem Wege der Datenfern\u00fcbertragung ist zul\u00e4ssig. Bei einer digitalen Erfassung muss der Name des Fotografen mit den Bilddaten elektronisch verkn\u00fcpft bleiben. Dies bedeutet, dass die Metadaten und Informationsdaten der Fotodatei der Fotografin Heike Herden nicht gel\u00f6scht oder ver\u00e4ndert werden d\u00fcrfen, damit die Fotografin Heike Herden jederzeit als Urheber der Bilder identifiziert werden kann.<\/p>\n<ol start=\"8\">\n<li>Haftung und Schadensersatz<\/li>\n<\/ol>\n<p>Der Fotograf haftet nur f\u00fcr Sch\u00e4den, die er selbst vors\u00e4tzlich oder grob fahrl\u00e4ssig herbeif\u00fchren. Dies gilt auch f\u00fcr Sch\u00e4den, die aus einer positiven Vertragsverletzung oder einer unerlaubten Handlung resultieren. Die Zusendung und R\u00fccksendung von Bildmaterial und Datentr\u00e4gern erfolgt auf Gefahr und Rechnung des Auftraggebers. Bei allen Verst\u00f6\u00dfen gegen Heike Herdens Urheberrechte werden Nachlizenzisierungskosten und Schadensersatz mindestens im Rahmen der \u00a0aktuellen Bildhonorare nach MFM f\u00e4llig. Die Geltendmachung weitergehender Schadensersatzanspr\u00fcche (u.a. Kosten f\u00fcr juristische Vertretung (gerichtlich\/au\u00dfergerichtlich)) bleibt hiervon unber\u00fchrt.<\/p>\n<ol start=\"9\">\n<li>Rechtswirksamkeit und Gerichtsstand<\/li>\n<\/ol>\n<p>Die Nichtigkeit oder Unwirksamkeit einzelner Bestimmungen dieser Gesch\u00e4ftsbedingungen ber\u00fchrt die G\u00fcltigkeit der \u00fcbrigen Bestimmungen nicht. Es gilt das Recht der Bundesrepublik Deutschland, Gerichtsstand ist K\u00f6ln.<\/p>\n<p>Bei Fragen stehe ich ihnen gerne auch jederzeit telefonisch zur Verf\u00fcgung.<\/p>\n","protected":false},"excerpt":{"rendered":"<p>Impressum Bildlicht Fotografie &#8211; Heike Herden Inhaber: Heike Herden, Reiherweg 39 50829 K\u00f6ln Telefonnummer: 01624878493 E-Mailadresse:\u00a0info@heikeherden.de Umsatzsteuer-Identifikationsnummer: 223 5119 1917 Inhaltlich verantwortlich: Heike Herden, Reiherweg 39 50829 K\u00f6ln Plattform der Europ\u00e4ischen Kommission zur Online-Streitbeilegung (OS) f\u00fcr Verbraucher: https:\/\/ec.europa.eu\/consumers\/odr\/. Wir sind nicht bereit und nicht verpflichtet an einem Streitbeilegungsverfahren vor einer Verbraucherschlichtungsstelle teilzunehmen. AGBs Allgemeine Gesch\u00e4ftsbedingungen [&hellip;]<\/p>\n","protected":false},"author":1,"featured_media":0,"parent":0,"menu_order":0,"comment_status":"closed","ping_status":"closed","template":"","meta":[],"_links":{"self":[{"href":"https:\/\/bildlicht-fotografie.de\/index.php?rest_route=\/wp\/v2\/pages\/292"}],"collection":[{"href":"https:\/\/bildlicht-fotografie.de\/index.php?rest_route=\/wp\/v2\/pages"}],"about":[{"href":"https:\/\/bildlicht-fotografie.de\/index.php?rest_route=\/wp\/v2\/types\/page"}],"author":[{"embeddable":true,"href":"https:\/\/bildlicht-fotografie.de\/index.php?rest_route=\/wp\/v2\/users\/1"}],"replies":[{"embeddable":true,"href":"https:\/\/bildlicht-fotografie.de\/index.php?rest_route=%2Fwp%2Fv2%2Fcomments&post=292"}],"version-history":[{"count":17,"href":"https:\/\/bildlicht-fotografie.de\/index.php?rest_route=\/wp\/v2\/pages\/292\/revisions"}],"predecessor-version":[{"id":2921,"href":"https:\/\/bildlicht-fotografie.de\/index.php?rest_route=\/wp\/v2\/pages\/292\/revisions\/2921"}],"wp:attachment":[{"href":"https:\/\/bildlicht-fotografie.de\/index.php?rest_route=%2Fwp%2Fv2%2Fmedia&parent=292"}],"curies":[{"name":"wp","href":"https:\/\/api.w.org\/{rel}","templated":true}]}}